{"id":690,"date":"2022-12-02T17:22:21","date_gmt":"2022-12-02T16:22:21","guid":{"rendered":"https:\/\/staging.awc.be\/?page_id=690"},"modified":"2022-12-02T17:22:21","modified_gmt":"2022-12-02T16:22:21","slug":"demande-dinformations-offre","status":"publish","type":"page","link":"https:\/\/staging.awc.be\/fr\/demande-dinformations-offre\/","title":{"rendered":"Demande d&rsquo;informations &#8211; offre"},"content":{"rendered":"<div class=\"wpforms-container wpforms-container-full\" id=\"wpforms-680\"><form id=\"wpforms-form-680\" class=\"wpforms-validate wpforms-form\" data-formid=\"680\" method=\"post\" enctype=\"multipart\/form-data\" action=\"\/fr\/wp-json\/wp\/v2\/pages\/690\" data-token=\"9383f8a18d8e6c459d4d3a304db68f84\" data-token-time=\"1775419130\"><noscript class=\"wpforms-error-noscript\">Please enable JavaScript in your browser to complete this form.<\/noscript><div class=\"wpforms-field-container\"><div id=\"wpforms-680-field_11-container\" class=\"wpforms-field wpforms-field-text\" data-field-id=\"11\"><label class=\"wpforms-field-label\" for=\"wpforms-680-field_11\">Votre pr\u00e9nom + nom<\/label><input type=\"text\" id=\"wpforms-680-field_11\" class=\"wpforms-field-medium\" name=\"wpforms[fields][11]\" ><\/div><div id=\"wpforms-680-field_5-container\" class=\"wpforms-field wpforms-field-text\" data-field-id=\"5\"><label class=\"wpforms-field-label\" for=\"wpforms-680-field_5\">Soci\u00e9t\u00e9<\/label><input type=\"text\" id=\"wpforms-680-field_5\" class=\"wpforms-field-medium\" name=\"wpforms[fields][5]\" ><\/div><div id=\"wpforms-680-field_10-container\" class=\"wpforms-field wpforms-field-text\" data-field-id=\"10\"><label class=\"wpforms-field-label\" for=\"wpforms-680-field_10\">Votre fonction interne<\/label><input type=\"text\" id=\"wpforms-680-field_10\" class=\"wpforms-field-medium\" name=\"wpforms[fields][10]\" ><\/div><div id=\"wpforms-680-field_9-container\" class=\"wpforms-field wpforms-field-text\" data-field-id=\"9\"><label class=\"wpforms-field-label\" for=\"wpforms-680-field_9\">Activit\u00e9s de votre entreprise<\/label><input type=\"text\" id=\"wpforms-680-field_9\" class=\"wpforms-field-medium\" name=\"wpforms[fields][9]\" ><\/div><div id=\"wpforms-680-field_6-container\" class=\"wpforms-field wpforms-field-text\" data-field-id=\"6\"><label class=\"wpforms-field-label\" for=\"wpforms-680-field_6\">Adresse <span class=\"wpforms-required-label\">*<\/span><\/label><input type=\"text\" id=\"wpforms-680-field_6\" class=\"wpforms-field-medium wpforms-field-required\" name=\"wpforms[fields][6]\" required><\/div><div id=\"wpforms-680-field_2-container\" class=\"wpforms-field wpforms-field-email\" data-field-id=\"2\"><label class=\"wpforms-field-label\" for=\"wpforms-680-field_2\">Courriel  <span class=\"wpforms-required-label\">*<\/span><\/label><input type=\"email\" id=\"wpforms-680-field_2\" class=\"wpforms-field-medium wpforms-field-required\" name=\"wpforms[fields][2]\" spellcheck=\"false\" required><\/div><div id=\"wpforms-680-field_3-container\" class=\"wpforms-field wpforms-field-phone\" data-field-id=\"3\"><label class=\"wpforms-field-label\" for=\"wpforms-680-field_3\">T\u00e9l\u00e9phone <\/label><input type=\"tel\" id=\"wpforms-680-field_3\" class=\"wpforms-field-medium wpforms-smart-phone-field\" data-rule-smart-phone-field=\"true\" name=\"wpforms[fields][3]\" aria-label=\"T\u00e9l\u00e9phone \" ><\/div><div id=\"wpforms-680-field_8-container\" class=\"wpforms-field wpforms-field-checkbox\" data-field-id=\"8\"><label class=\"wpforms-field-label\">Contactez-moi pour:<\/label><ul id=\"wpforms-680-field_8\"><li class=\"choice-1 depth-1\"><input type=\"checkbox\" id=\"wpforms-680-field_8_1\" name=\"wpforms[fields][8][]\" value=\"Le nettoyage \/ lavage de vitres\"  ><label class=\"wpforms-field-label-inline\" for=\"wpforms-680-field_8_1\">Le nettoyage \/ lavage de vitres<\/label><\/li><li class=\"choice-2 depth-1\"><input type=\"checkbox\" id=\"wpforms-680-field_8_2\" name=\"wpforms[fields][8][]\" value=\"Schoonmaak Nettoyage de bureaux\"  ><label class=\"wpforms-field-label-inline\" for=\"wpforms-680-field_8_2\">Schoonmaak Nettoyage de bureaux<\/label><\/li><li class=\"choice-3 depth-1\"><input type=\"checkbox\" id=\"wpforms-680-field_8_3\" name=\"wpforms[fields][8][]\" value=\"Nettoyage des vitres\"  ><label class=\"wpforms-field-label-inline\" for=\"wpforms-680-field_8_3\">Nettoyage des vitres<\/label><\/li><li class=\"choice-5 depth-1\"><input type=\"checkbox\" id=\"wpforms-680-field_8_5\" name=\"wpforms[fields][8][]\" value=\"Nettoyage apr\u00e8s un travail ou un d\u00e9m\u00e9nagement\"  ><label class=\"wpforms-field-label-inline\" for=\"wpforms-680-field_8_5\">Nettoyage apr\u00e8s un travail ou un d\u00e9m\u00e9nagement<\/label><\/li><li class=\"choice-6 depth-1\"><input type=\"checkbox\" id=\"wpforms-680-field_8_6\" name=\"wpforms[fields][8][]\" value=\"Le nettoyage de tapis ou moquettes\"  ><label class=\"wpforms-field-label-inline\" for=\"wpforms-680-field_8_6\">Le nettoyage de tapis ou moquettes<\/label><\/li><li class=\"choice-4 depth-1\"><input type=\"checkbox\" id=\"wpforms-680-field_8_4\" name=\"wpforms[fields][8][]\" value=\"Entretien des parties communes\"  ><label class=\"wpforms-field-label-inline\" for=\"wpforms-680-field_8_4\">Entretien des parties communes<\/label><\/li><li class=\"choice-7 depth-1\"><input type=\"checkbox\" id=\"wpforms-680-field_8_7\" name=\"wpforms[fields][8][]\" value=\"Nettoyage des tapis ou autres sols\"  ><label class=\"wpforms-field-label-inline\" for=\"wpforms-680-field_8_7\">Nettoyage des tapis ou autres sols<\/label><\/li><li class=\"choice-8 depth-1\"><input type=\"checkbox\" id=\"wpforms-680-field_8_8\" name=\"wpforms[fields][8][]\" value=\" Le placement de rev\u00eatements de sol\"  ><label class=\"wpforms-field-label-inline\" for=\"wpforms-680-field_8_8\">Le placement de rev\u00eatements de sol<\/label><\/li><li class=\"choice-9 depth-1\"><input type=\"checkbox\" id=\"wpforms-680-field_8_9\" name=\"wpforms[fields][8][]\" value=\"Peinture et r\u00e9novation des bureaux\"  ><label class=\"wpforms-field-label-inline\" for=\"wpforms-680-field_8_9\">Peinture et r\u00e9novation des bureaux<\/label><\/li><li class=\"choice-10 depth-1\"><input type=\"checkbox\" id=\"wpforms-680-field_8_10\" name=\"wpforms[fields][8][]\" value=\"Autres (liste ci-dessous)\"  ><label class=\"wpforms-field-label-inline\" for=\"wpforms-680-field_8_10\">Autres (liste ci-dessous)<\/label><\/li><\/ul><\/div><div id=\"wpforms-680-field_4-container\" class=\"wpforms-field wpforms-field-textarea\" data-field-id=\"4\"><label class=\"wpforms-field-label\" for=\"wpforms-680-field_4\">Commentaires<\/label><textarea id=\"wpforms-680-field_4\" class=\"wpforms-field-medium\" name=\"wpforms[fields][4]\" ><\/textarea><\/div><\/div><!-- .wpforms-field-container --><div class=\"wpforms-recaptcha-container wpforms-is-recaptcha wpforms-is-recaptcha-type-v3\" ><input type=\"hidden\" name=\"wpforms[recaptcha]\" value=\"\"><\/div><div class=\"wpforms-submit-container\" ><input type=\"hidden\" name=\"wpforms[id]\" value=\"680\"><input type=\"hidden\" name=\"page_title\" value=\"\"><input type=\"hidden\" name=\"page_url\" value=\"https:\/\/staging.awc.be\/fr\/wp-json\/wp\/v2\/pages\/690\"><input type=\"hidden\" name=\"url_referer\" value=\"\"><button type=\"submit\" name=\"wpforms[submit]\" id=\"wpforms-submit-680\" class=\"wpforms-submit\" data-alt-text=\"Envoie en cours...\" data-submit-text=\"Soumettre lademande\" aria-live=\"assertive\" value=\"wpforms-submit\">Soumettre lademande<\/button><\/div><\/form><\/div>  <!-- .wpforms-container -->\n","protected":false},"excerpt":{"rendered":"","protected":false},"author":3,"featured_media":0,"parent":0,"menu_order":0,"comment_status":"closed","ping_status":"closed","template":"","meta":{"_acf_changed":false,"footnotes":""},"class_list":["post-690","page","type-page","status-publish","hentry"],"acf":[],"yoast_head":"<!-- This site is optimized with the Yoast SEO plugin v24.6 - https:\/\/yoast.com\/wordpress\/plugins\/seo\/ -->\n<title>Demande d&#039;informations - offre - All Works Company<\/title>\n<meta name=\"robots\" content=\"noindex, follow, max-snippet:-1, max-image-preview:large, max-video-preview:-1\" \/>\n<meta property=\"og:locale\" content=\"fr_FR\" \/>\n<meta property=\"og:type\" content=\"article\" \/>\n<meta property=\"og:title\" content=\"Demande d&#039;informations - offre - All Works Company\" \/>\n<meta property=\"og:url\" content=\"https:\/\/staging.awc.be\/fr\/demande-dinformations-offre\/\" \/>\n<meta property=\"og:site_name\" content=\"All Works Company\" \/>\n<meta name=\"twitter:card\" content=\"summary_large_image\" \/>\n<script type=\"application\/ld+json\" class=\"yoast-schema-graph\">{\"@context\":\"https:\/\/schema.org\",\"@graph\":[{\"@type\":\"WebPage\",\"@id\":\"https:\/\/staging.awc.be\/fr\/demande-dinformations-offre\/\",\"url\":\"https:\/\/staging.awc.be\/fr\/demande-dinformations-offre\/\",\"name\":\"Demande d'informations - offre - All Works Company\",\"isPartOf\":{\"@id\":\"https:\/\/staging.awc.be\/fr\/#website\"},\"datePublished\":\"2022-12-02T16:22:21+00:00\",\"breadcrumb\":{\"@id\":\"https:\/\/staging.awc.be\/fr\/demande-dinformations-offre\/#breadcrumb\"},\"inLanguage\":\"fr-FR\",\"potentialAction\":[{\"@type\":\"ReadAction\",\"target\":[\"https:\/\/staging.awc.be\/fr\/demande-dinformations-offre\/\"]}]},{\"@type\":\"BreadcrumbList\",\"@id\":\"https:\/\/staging.awc.be\/fr\/demande-dinformations-offre\/#breadcrumb\",\"itemListElement\":[{\"@type\":\"ListItem\",\"position\":1,\"name\":\"Home\",\"item\":\"https:\/\/staging.awc.be\/fr\/bienvenue-chez-all-works-company\/\"},{\"@type\":\"ListItem\",\"position\":2,\"name\":\"Demande d&#8217;informations &#8211; offre\"}]},{\"@type\":\"WebSite\",\"@id\":\"https:\/\/staging.awc.be\/fr\/#website\",\"url\":\"https:\/\/staging.awc.be\/fr\/\",\"name\":\"All Works Company\",\"description\":\"Professioneel schoonmaakbedrijf voor kantoren en gebouwen\",\"publisher\":{\"@id\":\"https:\/\/staging.awc.be\/fr\/#organization\"},\"potentialAction\":[{\"@type\":\"SearchAction\",\"target\":{\"@type\":\"EntryPoint\",\"urlTemplate\":\"https:\/\/staging.awc.be\/fr\/?s={search_term_string}\"},\"query-input\":{\"@type\":\"PropertyValueSpecification\",\"valueRequired\":true,\"valueName\":\"search_term_string\"}}],\"inLanguage\":\"fr-FR\"},{\"@type\":\"Organization\",\"@id\":\"https:\/\/staging.awc.be\/fr\/#organization\",\"name\":\"All Works Company\",\"url\":\"https:\/\/staging.awc.be\/fr\/\",\"logo\":{\"@type\":\"ImageObject\",\"inLanguage\":\"fr-FR\",\"@id\":\"https:\/\/staging.awc.be\/fr\/#\/schema\/logo\/image\/\",\"url\":\"https:\/\/staging.awc.be\/wp-content\/uploads\/2020\/11\/awclogo.png\",\"contentUrl\":\"https:\/\/staging.awc.be\/wp-content\/uploads\/2020\/11\/awclogo.png\",\"width\":101,\"height\":120,\"caption\":\"All Works Company\"},\"image\":{\"@id\":\"https:\/\/staging.awc.be\/fr\/#\/schema\/logo\/image\/\"}}]}<\/script>\n<!-- \/ Yoast SEO plugin. -->","yoast_head_json":{"title":"Demande d'informations - offre - All Works Company","robots":{"index":"noindex","follow":"follow","max-snippet":"max-snippet:-1","max-image-preview":"max-image-preview:large","max-video-preview":"max-video-preview:-1"},"og_locale":"fr_FR","og_type":"article","og_title":"Demande d'informations - offre - All Works Company","og_url":"https:\/\/staging.awc.be\/fr\/demande-dinformations-offre\/","og_site_name":"All Works Company","twitter_card":"summary_large_image","schema":{"@context":"https:\/\/schema.org","@graph":[{"@type":"WebPage","@id":"https:\/\/staging.awc.be\/fr\/demande-dinformations-offre\/","url":"https:\/\/staging.awc.be\/fr\/demande-dinformations-offre\/","name":"Demande d'informations - offre - All Works Company","isPartOf":{"@id":"https:\/\/staging.awc.be\/fr\/#website"},"datePublished":"2022-12-02T16:22:21+00:00","breadcrumb":{"@id":"https:\/\/staging.awc.be\/fr\/demande-dinformations-offre\/#breadcrumb"},"inLanguage":"fr-FR","potentialAction":[{"@type":"ReadAction","target":["https:\/\/staging.awc.be\/fr\/demande-dinformations-offre\/"]}]},{"@type":"BreadcrumbList","@id":"https:\/\/staging.awc.be\/fr\/demande-dinformations-offre\/#breadcrumb","itemListElement":[{"@type":"ListItem","position":1,"name":"Home","item":"https:\/\/staging.awc.be\/fr\/bienvenue-chez-all-works-company\/"},{"@type":"ListItem","position":2,"name":"Demande d&#8217;informations &#8211; offre"}]},{"@type":"WebSite","@id":"https:\/\/staging.awc.be\/fr\/#website","url":"https:\/\/staging.awc.be\/fr\/","name":"All Works Company","description":"Professioneel schoonmaakbedrijf voor kantoren en gebouwen","publisher":{"@id":"https:\/\/staging.awc.be\/fr\/#organization"},"potentialAction":[{"@type":"SearchAction","target":{"@type":"EntryPoint","urlTemplate":"https:\/\/staging.awc.be\/fr\/?s={search_term_string}"},"query-input":{"@type":"PropertyValueSpecification","valueRequired":true,"valueName":"search_term_string"}}],"inLanguage":"fr-FR"},{"@type":"Organization","@id":"https:\/\/staging.awc.be\/fr\/#organization","name":"All Works Company","url":"https:\/\/staging.awc.be\/fr\/","logo":{"@type":"ImageObject","inLanguage":"fr-FR","@id":"https:\/\/staging.awc.be\/fr\/#\/schema\/logo\/image\/","url":"https:\/\/staging.awc.be\/wp-content\/uploads\/2020\/11\/awclogo.png","contentUrl":"https:\/\/staging.awc.be\/wp-content\/uploads\/2020\/11\/awclogo.png","width":101,"height":120,"caption":"All Works Company"},"image":{"@id":"https:\/\/staging.awc.be\/fr\/#\/schema\/logo\/image\/"}}]}},"_links":{"self":[{"href":"https:\/\/staging.awc.be\/fr\/wp-json\/wp\/v2\/pages\/690","targetHints":{"allow":["GET"]}}],"collection":[{"href":"https:\/\/staging.awc.be\/fr\/wp-json\/wp\/v2\/pages"}],"about":[{"href":"https:\/\/staging.awc.be\/fr\/wp-json\/wp\/v2\/types\/page"}],"author":[{"embeddable":true,"href":"https:\/\/staging.awc.be\/fr\/wp-json\/wp\/v2\/users\/3"}],"replies":[{"embeddable":true,"href":"https:\/\/staging.awc.be\/fr\/wp-json\/wp\/v2\/comments?post=690"}],"version-history":[{"count":1,"href":"https:\/\/staging.awc.be\/fr\/wp-json\/wp\/v2\/pages\/690\/revisions"}],"predecessor-version":[{"id":691,"href":"https:\/\/staging.awc.be\/fr\/wp-json\/wp\/v2\/pages\/690\/revisions\/691"}],"wp:attachment":[{"href":"https:\/\/staging.awc.be\/fr\/wp-json\/wp\/v2\/media?parent=690"}],"curies":[{"name":"wp","href":"https:\/\/api.w.org\/{rel}","templated":true}]}}