{"id":635,"date":"2022-11-07T14:48:44","date_gmt":"2022-11-07T13:48:44","guid":{"rendered":"https:\/\/staging.awc.be\/?page_id=635"},"modified":"2025-03-13T16:02:10","modified_gmt":"2025-03-13T15:02:10","slug":"bienvenue-chez-all-works-company","status":"publish","type":"page","link":"https:\/\/staging.awc.be\/fr\/","title":{"rendered":"Bienvenue chez All Works Company"},"content":{"rendered":"\t\t<div data-elementor-type=\"wp-page\" data-elementor-id=\"635\" class=\"elementor elementor-635 elementor-601\" data-elementor-post-type=\"page\">\n\t\t\t\t\t\t<section class=\"elementor-section elementor-top-section elementor-element elementor-element-845fb8c elementor-section-height-min-height elementor-section-stretched elementor-section-boxed elementor-section-height-default elementor-section-items-middle\" data-id=\"845fb8c\" data-element_type=\"section\" data-settings=\"{&quot;stretch_section&quot;:&quot;section-stretched&quot;,&quot;background_background&quot;:&quot;slideshow&quot;,&quot;background_slideshow_gallery&quot;:[{&quot;id&quot;:748,&quot;url&quot;:&quot;https:\\\/\\\/staging.awc.be\\\/wp-content\\\/uploads\\\/2023\\\/04\\\/clean-click-home-2.png&quot;},{&quot;id&quot;:751,&quot;url&quot;:&quot;https:\\\/\\\/staging.awc.be\\\/wp-content\\\/uploads\\\/2023\\\/04\\\/clean-click-home.png&quot;},{&quot;id&quot;:761,&quot;url&quot;:&quot;https:\\\/\\\/staging.awc.be\\\/wp-content\\\/uploads\\\/2023\\\/04\\\/clean-click-footer-background.png&quot;}],&quot;background_slideshow_loop&quot;:&quot;yes&quot;,&quot;background_slideshow_slide_duration&quot;:5000,&quot;background_slideshow_slide_transition&quot;:&quot;fade&quot;,&quot;background_slideshow_transition_duration&quot;:500}\">\n\t\t\t\t\t\t<div class=\"elementor-container elementor-column-gap-no\">\n\t\t\t\t\t<div class=\"elementor-column elementor-col-33 elementor-top-column elementor-element elementor-element-0554afc\" data-id=\"0554afc\" data-element_type=\"column\">\n\t\t\t<div class=\"elementor-widget-wrap\">\n\t\t\t\t\t\t\t<\/div>\n\t\t<\/div>\n\t\t\t\t<div class=\"elementor-column elementor-col-33 elementor-top-column elementor-element elementor-element-6c0ec66\" data-id=\"6c0ec66\" data-element_type=\"column\" data-settings=\"{&quot;background_background&quot;:&quot;classic&quot;}\">\n\t\t\t<div class=\"elementor-widget-wrap elementor-element-populated\">\n\t\t\t\t\t\t<div class=\"elementor-element elementor-element-7f7867e elementor-widget elementor-widget-heading\" data-id=\"7f7867e\" data-element_type=\"widget\" data-widget_type=\"heading.default\">\n\t\t\t\t<div class=\"elementor-widget-container\">\n\t\t\t\t\t<h1 class=\"elementor-heading-title elementor-size-default\">Entreprise de nettoyage professionnel<\/h1>\t\t\t\t<\/div>\n\t\t\t\t<\/div>\n\t\t\t\t<div class=\"elementor-element elementor-element-036b4f2 elementor-widget elementor-widget-text-editor\" data-id=\"036b4f2\" data-element_type=\"widget\" data-widget_type=\"text-editor.default\">\n\t\t\t\t<div class=\"elementor-widget-container\">\n\t\t\t\t\t\t\t\t\tEntreprise de nettoyage des bureaux\n\t\t\t\t\t\t\t\t<\/div>\n\t\t\t\t<\/div>\n\t\t\t\t<div class=\"elementor-element elementor-element-c9fb077 elementor-align-center elementor-widget elementor-widget-button\" data-id=\"c9fb077\" data-element_type=\"widget\" data-widget_type=\"button.default\">\n\t\t\t\t<div class=\"elementor-widget-container\">\n\t\t\t\t\t\t\t\t\t<div class=\"elementor-button-wrapper\">\n\t\t\t\t\t<a class=\"elementor-button elementor-button-link elementor-size-lg\" href=\"https:\/\/staging.awc.be\/offerte-informatieaanvraag\/\">\n\t\t\t\t\t\t<span class=\"elementor-button-content-wrapper\">\n\t\t\t\t\t\t\t\t\t<span class=\"elementor-button-text\">DEMANDE D'INFORMATION<\/span>\n\t\t\t\t\t<\/span>\n\t\t\t\t\t<\/a>\n\t\t\t\t<\/div>\n\t\t\t\t\t\t\t\t<\/div>\n\t\t\t\t<\/div>\n\t\t\t\t\t<\/div>\n\t\t<\/div>\n\t\t\t\t<div class=\"elementor-column elementor-col-33 elementor-top-column elementor-element elementor-element-2429e37\" data-id=\"2429e37\" data-element_type=\"column\">\n\t\t\t<div class=\"elementor-widget-wrap\">\n\t\t\t\t\t\t\t<\/div>\n\t\t<\/div>\n\t\t\t\t\t<\/div>\n\t\t<\/section>\n\t\t\t\t<section class=\"elementor-section elementor-top-section elementor-element elementor-element-2fd100c elementor-section-boxed elementor-section-height-default elementor-section-height-default\" data-id=\"2fd100c\" data-element_type=\"section\">\n\t\t\t\t\t\t<div class=\"elementor-container elementor-column-gap-default\">\n\t\t\t\t\t<div class=\"elementor-column elementor-col-100 elementor-top-column elementor-element elementor-element-f3447f1\" data-id=\"f3447f1\" data-element_type=\"column\">\n\t\t\t<div class=\"elementor-widget-wrap elementor-element-populated\">\n\t\t\t\t\t\t<div class=\"elementor-element elementor-element-18f5652 elementor-widget elementor-widget-heading\" data-id=\"18f5652\" data-element_type=\"widget\" data-widget_type=\"heading.default\">\n\t\t\t\t<div class=\"elementor-widget-container\">\n\t\t\t\t\t<h2 class=\"elementor-heading-title elementor-size-default\">Entreprise de nettoyage professionelle\n<\/h2>\t\t\t\t<\/div>\n\t\t\t\t<\/div>\n\t\t\t\t\t<\/div>\n\t\t<\/div>\n\t\t\t\t\t<\/div>\n\t\t<\/section>\n\t\t\t\t<section class=\"elementor-section elementor-top-section elementor-element elementor-element-8c44cf7 elementor-section-boxed elementor-section-height-default elementor-section-height-default\" data-id=\"8c44cf7\" data-element_type=\"section\">\n\t\t\t\t\t\t<div class=\"elementor-container elementor-column-gap-default\">\n\t\t\t\t\t<div class=\"elementor-column elementor-col-33 elementor-top-column elementor-element elementor-element-8899b58\" data-id=\"8899b58\" data-element_type=\"column\">\n\t\t\t<div class=\"elementor-widget-wrap elementor-element-populated\">\n\t\t\t\t\t\t<div class=\"elementor-element elementor-element-e8adf40 elementor-position-top elementor-widget elementor-widget-image-box\" data-id=\"e8adf40\" data-element_type=\"widget\" data-widget_type=\"image-box.default\">\n\t\t\t\t<div class=\"elementor-widget-container\">\n\t\t\t\t\t<div class=\"elementor-image-box-wrapper\"><figure class=\"elementor-image-box-img\"><img fetchpriority=\"high\" decoding=\"async\" width=\"400\" height=\"266\" src=\"https:\/\/staging.awc.be\/wp-content\/uploads\/2023\/04\/schoonmaakbedrijf-kantoren-brussel.png\" class=\"attachment-full size-full wp-image-755\" alt=\"\" srcset=\"https:\/\/staging.awc.be\/wp-content\/uploads\/2023\/04\/schoonmaakbedrijf-kantoren-brussel.png 400w, https:\/\/staging.awc.be\/wp-content\/uploads\/2023\/04\/schoonmaakbedrijf-kantoren-brussel-300x200.png 300w\" sizes=\"(max-width: 400px) 100vw, 400px\" \/><\/figure><div class=\"elementor-image-box-content\"><h3 class=\"elementor-image-box-title\">Nettoyage de bureaux<\/h3><p class=\"elementor-image-box-description\">Il n'y a rien de tel qu'un lieu de travail propre et net. Nous sommes d\u2019ailleurs bien conscients que la mise en place de conditions de travail agr\u00e9ables est une exigence absolue dans notre soci\u00e9t\u00e9.<\/p><\/div><\/div>\t\t\t\t<\/div>\n\t\t\t\t<\/div>\n\t\t\t\t\t<\/div>\n\t\t<\/div>\n\t\t\t\t<div class=\"elementor-column elementor-col-33 elementor-top-column elementor-element elementor-element-75a1f80\" data-id=\"75a1f80\" data-element_type=\"column\">\n\t\t\t<div class=\"elementor-widget-wrap elementor-element-populated\">\n\t\t\t\t\t\t<div class=\"elementor-element elementor-element-16b95c9 elementor-position-top elementor-widget elementor-widget-image-box\" data-id=\"16b95c9\" data-element_type=\"widget\" data-widget_type=\"image-box.default\">\n\t\t\t\t<div class=\"elementor-widget-container\">\n\t\t\t\t\t<div class=\"elementor-image-box-wrapper\"><figure class=\"elementor-image-box-img\"><img decoding=\"async\" width=\"500\" height=\"324\" src=\"https:\/\/staging.awc.be\/wp-content\/uploads\/2023\/04\/ramen-wassen-kantoren.jpeg\" class=\"attachment-full size-full wp-image-776\" alt=\"\" srcset=\"https:\/\/staging.awc.be\/wp-content\/uploads\/2023\/04\/ramen-wassen-kantoren.jpeg 500w, https:\/\/staging.awc.be\/wp-content\/uploads\/2023\/04\/ramen-wassen-kantoren-300x194.jpeg 300w\" sizes=\"(max-width: 500px) 100vw, 500px\" \/><\/figure><div class=\"elementor-image-box-content\"><h3 class=\"elementor-image-box-title\">Lavage de vitres<\/h3><p class=\"elementor-image-box-description\">Nous disposons d'une \u00e9quipe de laveurs de vitres sp\u00e9cialis\u00e9s et professionnels pour le nettoyage de vos vitres, sans traces ni tra\u00een\u00e9es. Vous pourrez ainsi profiter de nouveau de votre magnifique vue.\n <\/p><\/div><\/div>\t\t\t\t<\/div>\n\t\t\t\t<\/div>\n\t\t\t\t\t<\/div>\n\t\t<\/div>\n\t\t\t\t<div class=\"elementor-column elementor-col-33 elementor-top-column elementor-element elementor-element-ab1cf4f\" data-id=\"ab1cf4f\" data-element_type=\"column\">\n\t\t\t<div class=\"elementor-widget-wrap elementor-element-populated\">\n\t\t\t\t\t\t<div class=\"elementor-element elementor-element-4f7dfc3 elementor-position-top elementor-widget elementor-widget-image-box\" data-id=\"4f7dfc3\" data-element_type=\"widget\" data-widget_type=\"image-box.default\">\n\t\t\t\t<div class=\"elementor-widget-container\">\n\t\t\t\t\t<div class=\"elementor-image-box-wrapper\"><figure class=\"elementor-image-box-img\"><img decoding=\"async\" width=\"500\" height=\"324\" src=\"https:\/\/staging.awc.be\/wp-content\/uploads\/2023\/04\/tapijt-reinigen-kantoren-home.png\" class=\"attachment-full size-full wp-image-775\" alt=\"\" srcset=\"https:\/\/staging.awc.be\/wp-content\/uploads\/2023\/04\/tapijt-reinigen-kantoren-home.png 500w, https:\/\/staging.awc.be\/wp-content\/uploads\/2023\/04\/tapijt-reinigen-kantoren-home-300x194.png 300w\" sizes=\"(max-width: 500px) 100vw, 500px\" \/><\/figure><div class=\"elementor-image-box-content\"><h3 class=\"elementor-image-box-title\">R\u00e9novation de bureaux<\/h3><p class=\"elementor-image-box-description\">All Works Company dispose d'une \u00e9quipe de laveurs de vitres professionnels. Des vitres propres contribuent \u00e0 l'image de votre entreprise et au bien-\u00eatre de vos travailleurs.<\/p><\/div><\/div>\t\t\t\t<\/div>\n\t\t\t\t<\/div>\n\t\t\t\t\t<\/div>\n\t\t<\/div>\n\t\t\t\t\t<\/div>\n\t\t<\/section>\n\t\t\t\t<section class=\"elementor-section elementor-top-section elementor-element elementor-element-377604d elementor-section-height-min-height elementor-section-content-middle elementor-section-boxed elementor-section-height-default elementor-section-items-middle\" data-id=\"377604d\" data-element_type=\"section\">\n\t\t\t\t\t\t\t<div class=\"elementor-background-overlay\"><\/div>\n\t\t\t\t\t\t\t<div class=\"elementor-container elementor-column-gap-default\">\n\t\t\t\t\t<div class=\"elementor-column elementor-col-100 elementor-top-column elementor-element elementor-element-2b71965\" data-id=\"2b71965\" data-element_type=\"column\">\n\t\t\t<div class=\"elementor-widget-wrap elementor-element-populated\">\n\t\t\t\t\t\t<div class=\"elementor-element elementor-element-662b3a3 elementor-widget elementor-widget-heading\" data-id=\"662b3a3\" data-element_type=\"widget\" data-widget_type=\"heading.default\">\n\t\t\t\t<div class=\"elementor-widget-container\">\n\t\t\t\t\t<h2 class=\"elementor-heading-title elementor-size-default\">UNE \u00c9QUIPE EFFICACE, C\u2019EST UNE \u00c9QUIPE BIEN ORGANIS\u00c9E\n<\/h2>\t\t\t\t<\/div>\n\t\t\t\t<\/div>\n\t\t\t\t<div class=\"elementor-element elementor-element-45196af elementor-widget elementor-widget-text-editor\" data-id=\"45196af\" data-element_type=\"widget\" data-widget_type=\"text-editor.default\">\n\t\t\t\t<div class=\"elementor-widget-container\">\n\t\t\t\t\t\t\t\t\t<p style=\"text-align: center;\"><strong>Les diff\u00e9rents param\u00e8tres utilis\u00e9s en vue de l\u2019\u00e9tablissement d\u2019un sch\u00e9ma de travail concret et utile n\u00e9cessitent une excellente organisation m\u00fbrement r\u00e9fl\u00e9chie. Notre principale pr\u00e9occupation:\u00a0le respect rigoureux des programmes offerts par nos services.<\/strong><\/p>\t\t\t\t\t\t\t\t<\/div>\n\t\t\t\t<\/div>\n\t\t\t\t<div class=\"elementor-element elementor-element-3c9e069 elementor-widget elementor-widget-text-editor\" data-id=\"3c9e069\" data-element_type=\"widget\" data-widget_type=\"text-editor.default\">\n\t\t\t\t<div class=\"elementor-widget-container\">\n\t\t\t\t\t\t\t\t\t<h2 style=\"text-align: center;\"><strong>UNE FORMATION ET UN ACCOMPAGNEMENT DIGNES DE CE NOM<\/strong><\/h2><p style=\"text-align: center;\">L\u2019\u00e9tude des travaux que vous nous avez command\u00e9s (le placement, les t\u00e2ches, la gestion ainsi que le contr\u00f4le et l\u2019ex\u00e9cution des travaux) est assur\u00e9e par des techniciens sp\u00e9cialis\u00e9s dans leur domaine. Notre personnel fait l\u2019objet d\u2019une s\u00e9lection rigoureuse et nous nous chargeons nous-m\u00eames de leur offrir les meilleures formations du march\u00e9.<\/p>\t\t\t\t\t\t\t\t<\/div>\n\t\t\t\t<\/div>\n\t\t\t\t\t<\/div>\n\t\t<\/div>\n\t\t\t\t\t<\/div>\n\t\t<\/section>\n\t\t<div class=\"elementor-element elementor-element-96d5d6a e-flex e-con-boxed e-con e-parent\" data-id=\"96d5d6a\" data-element_type=\"container\">\n\t\t\t\t\t<div class=\"e-con-inner\">\n\t\t\t\t<div class=\"elementor-element elementor-element-59db407 elementor-widget elementor-widget-text-editor\" data-id=\"59db407\" data-element_type=\"widget\" data-widget_type=\"text-editor.default\">\n\t\t\t\t<div class=\"elementor-widget-container\">\n\t\t\t\t\t\t\t\t\t<h2>Entreprise de nettoyage All Works Company<\/h2><p><strong>All Works Company assure un entretien de nettoyage au sens le plus complet du terme. Notre entreprise de nettoyage s\u2019occupe de l\u2019entretien et du nettoyage des bureaux, grands immeubles, entrep\u00f4ts, salles de sport, \u00e9coles, piscines, installations m\u00e9dicales, \u2026<\/strong><\/p><p>On ne saurait trop insister sur l\u2019importance d\u2019un bureau impeccable. L\u2019apparence de vos installations en dit long sur votre entreprise. Cela cr\u00e9e une premi\u00e8re impression durable sur vos visiteurs, tandis que les employ\u00e9s qui travaillent dans un environnement propre se sentent valoris\u00e9s et fonctionnent mieux. Nous proposons une large gamme de services orient\u00e9s client tels que la maintenance, le nettoyage, les services associ\u00e9s et la personnalisation \u00e0 un prix comp\u00e9titif. Notre entreprise de nettoyage combine des ann\u00e9es d\u2019exp\u00e9rience avec les derni\u00e8res techniques et une approche tr\u00e8s personnelle. Bureaux bien rang\u00e9s, toilettes hygi\u00e9niques, couloirs propres, salles de r\u00e9union soign\u00e9es, ils donnent \u00e0 vos employ\u00e9s, clients et visiteurs une sensation agr\u00e9able.<\/p><p>Nos \u00e9quipes de nettoyage sont responsables du nettoyage efficace de votre bureau. Au moment qui vous convient le mieux (avant, pendant ou apr\u00e8s les heures de bureau) et selon la fr\u00e9quence souhait\u00e9e (quotidienne, x nombre de fois par semaine, hebdomadaire, \u2026). Notre \u00e9quipe vous propose des solutions sur mesure, vos attentes sp\u00e9cifiques sont \u00e9tudi\u00e9es en amont avec minutie. Nous garantissons un service rapide et correct.<\/p><p>L\u2019entreprise de nettoyage All Works Company est situ\u00e9e en p\u00e9riph\u00e9rie de Bruxelles. Nous sommes une entreprise leader dans le domaine du nettoyage commercial qui fournit des services d\u2019entretien et de nettoyage de bureaux. En plus du nettoyage p\u00e9riodique, nous assurons \u00e9galement l\u2019entretien hygi\u00e9nique des ordinateurs, des machines de bureau et des t\u00e9l\u00e9phones, ainsi qu\u2019un entretien sp\u00e9cialis\u00e9 de la moquette, du marbre et du granit. Nous travaillons avec une \u00e9quipe dynamique de personnes bien form\u00e9es sur lesquelles nous pouvons compter jour apr\u00e8s jour.<\/p><p>Nos \u00e9quipes de nettoyage ont une apparence impeccable et travaillent avec le souci du d\u00e9tail. Une \u00e9quipe distincte et sp\u00e9cialis\u00e9e de laveurs de vitres s\u2019occupe du nettoyage de vos vitres, m\u00eame en hauteur ou dans des endroits difficiles d\u2019acc\u00e8s. L\u2019artisanat, la rapidit\u00e9 d\u2019ex\u00e9cution et une approche confidentielle sont votre garantie d\u2019un r\u00e9sultat irr\u00e9prochable.<\/p><p>Tout au long de nos ann\u00e9es d\u2019exp\u00e9rience, nous nous sommes toujours efforc\u00e9s de r\u00e9pondre aux exigences les plus \u00e9lev\u00e9es de nos clients et nos temps de r\u00e9ponse aux appels d\u2019urgence sont sans \u00e9gal. En cons\u00e9quence, nous sommes s\u00e9lectionn\u00e9s comme entreprise de nettoyage par les entreprises qui n\u00e9cessitent un service exceptionnel, telles que les cabinets d\u2019avocats, les banques, les notaires, les institutions financi\u00e8res, les ambassades et les multinationales.<\/p>\t\t\t\t\t\t\t\t<\/div>\n\t\t\t\t<\/div>\n\t\t\t\t\t<\/div>\n\t\t\t\t<\/div>\n\t\t\t\t<\/div>\n\t\t","protected":false},"excerpt":{"rendered":"<p>Entreprise de nettoyage professionnel Entreprise de nettoyage des bureaux DEMANDE D&rsquo;INFORMATION Entreprise de nettoyage professionelle Nettoyage de bureaux Il n&rsquo;y a rien de tel qu&rsquo;un lieu de travail propre et net. Nous sommes d\u2019ailleurs bien conscients que la mise en place de conditions de travail agr\u00e9ables est une exigence absolue dans notre soci\u00e9t\u00e9. Lavage de [&hellip;]<\/p>\n","protected":false},"author":3,"featured_media":0,"parent":0,"menu_order":0,"comment_status":"closed","ping_status":"closed","template":"","meta":{"_acf_changed":false,"footnotes":""},"class_list":["post-635","page","type-page","status-publish","hentry"],"acf":[],"yoast_head":"<!-- This site is optimized with the Yoast SEO plugin v24.6 - https:\/\/yoast.com\/wordpress\/plugins\/seo\/ -->\n<title>Bienvenue chez All Works Company - All Works Company<\/title>\n<meta name=\"robots\" content=\"noindex, follow, max-snippet:-1, max-image-preview:large, max-video-preview:-1\" \/>\n<meta property=\"og:locale\" content=\"fr_FR\" \/>\n<meta property=\"og:type\" content=\"article\" \/>\n<meta property=\"og:title\" content=\"Bienvenue chez All Works Company - All Works Company\" \/>\n<meta property=\"og:description\" content=\"Entreprise de nettoyage professionnel Entreprise de nettoyage des bureaux DEMANDE D&rsquo;INFORMATION Entreprise de nettoyage professionelle Nettoyage de bureaux Il n&rsquo;y a rien de tel qu&rsquo;un lieu de travail propre et net. Nous sommes d\u2019ailleurs bien conscients que la mise en place de conditions de travail agr\u00e9ables est une exigence absolue dans notre soci\u00e9t\u00e9. Lavage de [&hellip;]\" \/>\n<meta property=\"og:url\" content=\"https:\/\/staging.awc.be\/fr\/\" \/>\n<meta property=\"og:site_name\" content=\"All Works Company\" \/>\n<meta property=\"article:modified_time\" content=\"2025-03-13T15:02:10+00:00\" \/>\n<meta property=\"og:image\" content=\"https:\/\/staging.awc.be\/wp-content\/uploads\/2023\/04\/schoonmaakbedrijf-kantoren-brussel.png\" \/>\n<meta name=\"twitter:card\" content=\"summary_large_image\" \/>\n<meta name=\"twitter:label1\" content=\"Dur\u00e9e de lecture estim\u00e9e\" \/>\n\t<meta name=\"twitter:data1\" content=\"4 minutes\" \/>\n<script type=\"application\/ld+json\" class=\"yoast-schema-graph\">{\"@context\":\"https:\/\/schema.org\",\"@graph\":[{\"@type\":\"WebPage\",\"@id\":\"https:\/\/staging.awc.be\/fr\/\",\"url\":\"https:\/\/staging.awc.be\/fr\/\",\"name\":\"Bienvenue chez All Works Company - All Works Company\",\"isPartOf\":{\"@id\":\"https:\/\/staging.awc.be\/fr\/#website\"},\"primaryImageOfPage\":{\"@id\":\"https:\/\/staging.awc.be\/fr\/#primaryimage\"},\"image\":{\"@id\":\"https:\/\/staging.awc.be\/fr\/#primaryimage\"},\"thumbnailUrl\":\"https:\/\/staging.awc.be\/wp-content\/uploads\/2023\/04\/schoonmaakbedrijf-kantoren-brussel.png\",\"datePublished\":\"2022-11-07T13:48:44+00:00\",\"dateModified\":\"2025-03-13T15:02:10+00:00\",\"breadcrumb\":{\"@id\":\"https:\/\/staging.awc.be\/fr\/#breadcrumb\"},\"inLanguage\":\"fr-FR\",\"potentialAction\":[{\"@type\":\"ReadAction\",\"target\":[\"https:\/\/staging.awc.be\/fr\/\"]}]},{\"@type\":\"ImageObject\",\"inLanguage\":\"fr-FR\",\"@id\":\"https:\/\/staging.awc.be\/fr\/#primaryimage\",\"url\":\"https:\/\/staging.awc.be\/wp-content\/uploads\/2023\/04\/schoonmaakbedrijf-kantoren-brussel.png\",\"contentUrl\":\"https:\/\/staging.awc.be\/wp-content\/uploads\/2023\/04\/schoonmaakbedrijf-kantoren-brussel.png\"},{\"@type\":\"BreadcrumbList\",\"@id\":\"https:\/\/staging.awc.be\/fr\/#breadcrumb\",\"itemListElement\":[{\"@type\":\"ListItem\",\"position\":1,\"name\":\"Home\",\"item\":\"https:\/\/staging.awc.be\/fr\/bienvenue-chez-all-works-company\/\"},{\"@type\":\"ListItem\",\"position\":2,\"name\":\"Bienvenue chez All Works Company\"}]},{\"@type\":\"WebSite\",\"@id\":\"https:\/\/staging.awc.be\/fr\/#website\",\"url\":\"https:\/\/staging.awc.be\/fr\/\",\"name\":\"All Works Company\",\"description\":\"Professioneel schoonmaakbedrijf voor kantoren en gebouwen\",\"publisher\":{\"@id\":\"https:\/\/staging.awc.be\/fr\/#organization\"},\"potentialAction\":[{\"@type\":\"SearchAction\",\"target\":{\"@type\":\"EntryPoint\",\"urlTemplate\":\"https:\/\/staging.awc.be\/fr\/?s={search_term_string}\"},\"query-input\":{\"@type\":\"PropertyValueSpecification\",\"valueRequired\":true,\"valueName\":\"search_term_string\"}}],\"inLanguage\":\"fr-FR\"},{\"@type\":\"Organization\",\"@id\":\"https:\/\/staging.awc.be\/fr\/#organization\",\"name\":\"All Works Company\",\"url\":\"https:\/\/staging.awc.be\/fr\/\",\"logo\":{\"@type\":\"ImageObject\",\"inLanguage\":\"fr-FR\",\"@id\":\"https:\/\/staging.awc.be\/fr\/#\/schema\/logo\/image\/\",\"url\":\"https:\/\/staging.awc.be\/wp-content\/uploads\/2020\/11\/awclogo.png\",\"contentUrl\":\"https:\/\/staging.awc.be\/wp-content\/uploads\/2020\/11\/awclogo.png\",\"width\":101,\"height\":120,\"caption\":\"All Works Company\"},\"image\":{\"@id\":\"https:\/\/staging.awc.be\/fr\/#\/schema\/logo\/image\/\"}}]}<\/script>\n<!-- \/ Yoast SEO plugin. -->","yoast_head_json":{"title":"Bienvenue chez All Works Company - All Works Company","robots":{"index":"noindex","follow":"follow","max-snippet":"max-snippet:-1","max-image-preview":"max-image-preview:large","max-video-preview":"max-video-preview:-1"},"og_locale":"fr_FR","og_type":"article","og_title":"Bienvenue chez All Works Company - All Works Company","og_description":"Entreprise de nettoyage professionnel Entreprise de nettoyage des bureaux DEMANDE D&rsquo;INFORMATION Entreprise de nettoyage professionelle Nettoyage de bureaux Il n&rsquo;y a rien de tel qu&rsquo;un lieu de travail propre et net. Nous sommes d\u2019ailleurs bien conscients que la mise en place de conditions de travail agr\u00e9ables est une exigence absolue dans notre soci\u00e9t\u00e9. Lavage de [&hellip;]","og_url":"https:\/\/staging.awc.be\/fr\/","og_site_name":"All Works Company","article_modified_time":"2025-03-13T15:02:10+00:00","og_image":[{"url":"https:\/\/staging.awc.be\/wp-content\/uploads\/2023\/04\/schoonmaakbedrijf-kantoren-brussel.png","type":"","width":"","height":""}],"twitter_card":"summary_large_image","twitter_misc":{"Dur\u00e9e de lecture estim\u00e9e":"4 minutes"},"schema":{"@context":"https:\/\/schema.org","@graph":[{"@type":"WebPage","@id":"https:\/\/staging.awc.be\/fr\/","url":"https:\/\/staging.awc.be\/fr\/","name":"Bienvenue chez All Works Company - All Works Company","isPartOf":{"@id":"https:\/\/staging.awc.be\/fr\/#website"},"primaryImageOfPage":{"@id":"https:\/\/staging.awc.be\/fr\/#primaryimage"},"image":{"@id":"https:\/\/staging.awc.be\/fr\/#primaryimage"},"thumbnailUrl":"https:\/\/staging.awc.be\/wp-content\/uploads\/2023\/04\/schoonmaakbedrijf-kantoren-brussel.png","datePublished":"2022-11-07T13:48:44+00:00","dateModified":"2025-03-13T15:02:10+00:00","breadcrumb":{"@id":"https:\/\/staging.awc.be\/fr\/#breadcrumb"},"inLanguage":"fr-FR","potentialAction":[{"@type":"ReadAction","target":["https:\/\/staging.awc.be\/fr\/"]}]},{"@type":"ImageObject","inLanguage":"fr-FR","@id":"https:\/\/staging.awc.be\/fr\/#primaryimage","url":"https:\/\/staging.awc.be\/wp-content\/uploads\/2023\/04\/schoonmaakbedrijf-kantoren-brussel.png","contentUrl":"https:\/\/staging.awc.be\/wp-content\/uploads\/2023\/04\/schoonmaakbedrijf-kantoren-brussel.png"},{"@type":"BreadcrumbList","@id":"https:\/\/staging.awc.be\/fr\/#breadcrumb","itemListElement":[{"@type":"ListItem","position":1,"name":"Home","item":"https:\/\/staging.awc.be\/fr\/bienvenue-chez-all-works-company\/"},{"@type":"ListItem","position":2,"name":"Bienvenue chez All Works Company"}]},{"@type":"WebSite","@id":"https:\/\/staging.awc.be\/fr\/#website","url":"https:\/\/staging.awc.be\/fr\/","name":"All Works Company","description":"Professioneel schoonmaakbedrijf voor kantoren en gebouwen","publisher":{"@id":"https:\/\/staging.awc.be\/fr\/#organization"},"potentialAction":[{"@type":"SearchAction","target":{"@type":"EntryPoint","urlTemplate":"https:\/\/staging.awc.be\/fr\/?s={search_term_string}"},"query-input":{"@type":"PropertyValueSpecification","valueRequired":true,"valueName":"search_term_string"}}],"inLanguage":"fr-FR"},{"@type":"Organization","@id":"https:\/\/staging.awc.be\/fr\/#organization","name":"All Works Company","url":"https:\/\/staging.awc.be\/fr\/","logo":{"@type":"ImageObject","inLanguage":"fr-FR","@id":"https:\/\/staging.awc.be\/fr\/#\/schema\/logo\/image\/","url":"https:\/\/staging.awc.be\/wp-content\/uploads\/2020\/11\/awclogo.png","contentUrl":"https:\/\/staging.awc.be\/wp-content\/uploads\/2020\/11\/awclogo.png","width":101,"height":120,"caption":"All Works Company"},"image":{"@id":"https:\/\/staging.awc.be\/fr\/#\/schema\/logo\/image\/"}}]}},"_links":{"self":[{"href":"https:\/\/staging.awc.be\/fr\/wp-json\/wp\/v2\/pages\/635","targetHints":{"allow":["GET"]}}],"collection":[{"href":"https:\/\/staging.awc.be\/fr\/wp-json\/wp\/v2\/pages"}],"about":[{"href":"https:\/\/staging.awc.be\/fr\/wp-json\/wp\/v2\/types\/page"}],"author":[{"embeddable":true,"href":"https:\/\/staging.awc.be\/fr\/wp-json\/wp\/v2\/users\/3"}],"replies":[{"embeddable":true,"href":"https:\/\/staging.awc.be\/fr\/wp-json\/wp\/v2\/comments?post=635"}],"version-history":[{"count":13,"href":"https:\/\/staging.awc.be\/fr\/wp-json\/wp\/v2\/pages\/635\/revisions"}],"predecessor-version":[{"id":1677,"href":"https:\/\/staging.awc.be\/fr\/wp-json\/wp\/v2\/pages\/635\/revisions\/1677"}],"wp:attachment":[{"href":"https:\/\/staging.awc.be\/fr\/wp-json\/wp\/v2\/media?parent=635"}],"curies":[{"name":"wp","href":"https:\/\/api.w.org\/{rel}","templated":true}]}}