{"id":441,"date":"2022-11-06T18:12:05","date_gmt":"2022-11-06T17:12:05","guid":{"rendered":"https:\/\/staging.awc.be\/?page_id=441"},"modified":"2025-05-16T09:26:57","modified_gmt":"2025-05-16T07:26:57","slug":"entreprise-de-nettoyage-all-works-company","status":"publish","type":"page","link":"https:\/\/staging.awc.be\/fr\/entreprise-de-nettoyage-all-works-company\/","title":{"rendered":"Entreprise de nettoyage All Works Company"},"content":{"rendered":"<p><strong>Les bureaux et les entreprises sont des lieux o\u00f9 l&rsquo;efficacit\u00e9 et l&rsquo;hygi\u00e8ne sur le lieu de travail sont des caract\u00e9ristiques tr\u00e8s importantes. Chez All Works Company, nous sommes une entreprise de nettoyage professionnelle \u00e0 Bruxelles. Vous cherchez quelqu&rsquo;un pour nettoyer vos bureaux ? Aimeriez-vous un environnement bien rang\u00e9 ? Ensuite, il y a une adresse : Soci\u00e9t\u00e9 All Works. Nous veillons \u00e0 ce que vos bureaux soient nettoy\u00e9s tous les jours ou toutes les semaines.<\/strong><\/p>\n<p>La soci\u00e9t\u00e9 All Works a \u00e9t\u00e9 fond\u00e9e en 1992. Depuis sa cr\u00e9ation, nous sommes une entreprise de nettoyage professionnel active \u00e0 Bruxelles. AWC est une entreprise tr\u00e8s vari\u00e9e. Nous ne nous occupons pas seulement du nettoyage des bureaux, mais aussi de celui des \u00e9coles et des institutions. En outre, vous pouvez \u00e9galement nous contacter pour le lavage des vitres ou la peinture. Apr\u00e8s toutes ces ann\u00e9es, nous nous sommes forg\u00e9 une solide r\u00e9putation. Nous fournissons des services sur mesure. Nous avons \u00e9galement une organisation serr\u00e9e, des lignes de communication courtes et un engagement flexible. Ces \u00e9l\u00e9ments devraient conduire \u00e0 une recherche permanente d&rsquo;un service optimal.<\/p>\n<h3>Pourquoi choisir notre entreprise de nettoyage \u00e0 Bruxelles ?<\/h3>\n<p>Il existe un certain nombre de raisons pour lesquelles vous devriez choisir All Works Company.<\/p>\n<p>Tout d&rsquo;abord, nous sommes une entreprise fiable et professionnelle. La confiance mutuelle est tr\u00e8s importante pour nous.<br \/>\nDeuxi\u00e8mement, nous comprenons vos besoins en mati\u00e8re de nettoyage. Par cons\u00e9quent, nous fournissons \u00e9galement les bons services.<br \/>\nEn outre, nous disposons d&rsquo;une \u00e9quipe de nettoyage qualifi\u00e9e et sommes soutenus par une \u00e9quipe de gestion.<br \/>\nDe plus, nous avons un rapport qualit\u00e9-prix favorable pour les grandes et les petites entreprises.<br \/>\nEnfin, nous sommes une entreprise soucieuse de l&rsquo;environnement qui g\u00e8re judicieusement les d\u00e9chets et l&rsquo;\u00e9nergie.<br \/>\nEn bref, nous sommes une \u00e9quipe formidable \u00e0 qui vous pouvez confier votre nettoyage.<\/p>\n<p>Notre bureau est situ\u00e9 \u00e0 Groot-Bijgaarden. Cela garantit un service sans faille \u00e0 Bruxelles et dans sa banlieue. Ces municipalit\u00e9s p\u00e9riph\u00e9riques sont : Asse, Beersel, Dilbeek, Drogenbos, Grimbergen, Hoeilaart, Kraainem, Linkebeek, Machelen, Meise, Merchtem, Overijse, Sint-Genesius-Rode, Sint-Pieters-Leeuw, Tervuren, Vilvoorde, Wemmel, Wezembeek-Oppem, Zaventem<\/p>\n<p>Notre situation centrale nous permet \u00e9galement de disposer d&rsquo;une connexion flexible avec les autres villes et municipalit\u00e9s de Flandre et de Wallonie.<\/p>\n<p>La gamme de services de All Works Company<\/p>\n<p>Chez All Works Company, nous proposons diff\u00e9rents services.<\/p>\n<p>D&rsquo;une part, notre offre de services comprend le nettoyage et l&rsquo;entretien de bureaux, d&rsquo;immeubles, d&rsquo;\u00e9coles, d&rsquo;h\u00f4pitaux, de maisons de repos, de garages, de maisons priv\u00e9es, pour les syndicats, de sanitaires, le nettoyage de fa\u00e7ades&#8230; Nous sommes \u00e9galement responsables du nettoyage et de l&rsquo;entretien de diff\u00e9rents sols. Un bureau propre est une n\u00e9cessit\u00e9 absolue pour votre entreprise. Il rend votre personnel plus motiv\u00e9, ce qui accro\u00eet la productivit\u00e9. Mais cela vous permet \u00e9galement de laisser une bonne impression \u00e0 vos clients. La premi\u00e8re impression est toujours aussi importante. En outre, chaque bureau a sa propre approche du nettoyage. Nous nous occuperons de cela aussi.<\/p>\n<p>D&rsquo;autre part, vous pouvez \u00e9galement nous contacter pour le lavage des vitres. Nous disposons d&rsquo;une \u00e9quipe de laveurs de vitres professionnels. M\u00eame les fen\u00eatres situ\u00e9es dans des endroits difficiles d&rsquo;acc\u00e8s ne posent aucun probl\u00e8me. Les fen\u00eatres, les cadres et les ch\u00e2ssis sont \u00e9galement nettoy\u00e9s \u00e0 chaque fois. Vous pouvez venir nous voir une fois ou pour un entretien p\u00e9riodique. Dans ce cas, nous passons \u00e0 intervalles r\u00e9guliers. Nos laveurs de vitres nettoient rapidement et proprement. Ils travaillent avec du mat\u00e9riel homologu\u00e9, mais leur s\u00e9curit\u00e9 est \u00e9galement une priorit\u00e9.<br \/>\nNous assurons \u00e9galement le nettoyage des ordinateurs.<br \/>\nNous nous occupons \u00e9galement de la peinture.<br \/>\nNous nous occupons \u00e9galement de la r\u00e9novation des bureaux.<br \/>\nEnfin, nous installons \u00e9galement des rev\u00eatements de sol (vinyle, moquette).<\/p>\n<p>Pour tous ces diff\u00e9rents services, nous proc\u00e9dons \u00e9galement de mani\u00e8re approfondie. D&rsquo;abord, nous envoyons une \u00e9quipe d&rsquo;inspection. Ils prennent les dispositions n\u00e9cessaires lors du d\u00e9marrage d&rsquo;un chantier. Cela peut concerner le mat\u00e9riel, mais aussi le personnel. Cela permet de s&rsquo;assurer que le d\u00e9part se fera dans les meilleures conditions. Les travaux seront \u00e9galement effectu\u00e9s avec la comp\u00e9tence n\u00e9cessaire.<\/p>\n<p>En bref, vous cherchez quelqu&rsquo;un pour nettoyer vos bureaux ? Vous pr\u00e9f\u00e9rez que quelqu&rsquo;un effectue les travaux de peinture ? Ou envisagez-vous de faire cette r\u00e9novation apr\u00e8s tout ? N&rsquo;h\u00e9sitez plus et contactez notre entreprise de nettoyage sur Bruxelles. Chez All Works Company, vos besoins sont prioritaires.<\/p>\n<p>Traduit avec www.DeepL.com\/Translator (version gratuite)<\/p>\n","protected":false},"excerpt":{"rendered":"<p>Les bureaux et les entreprises sont des lieux o\u00f9 l&rsquo;efficacit\u00e9 et l&rsquo;hygi\u00e8ne sur le lieu de travail sont des caract\u00e9ristiques tr\u00e8s importantes. Chez All Works Company, nous sommes une entreprise de nettoyage professionnelle \u00e0 Bruxelles. Vous cherchez quelqu&rsquo;un pour nettoyer vos bureaux ? Aimeriez-vous un environnement bien rang\u00e9 ? Ensuite, il y a une adresse [&hellip;]<\/p>\n","protected":false},"author":3,"featured_media":0,"parent":0,"menu_order":0,"comment_status":"closed","ping_status":"closed","template":"","meta":{"_acf_changed":false,"footnotes":""},"class_list":["post-441","page","type-page","status-publish","hentry"],"acf":[],"yoast_head":"<!-- This site is optimized with the Yoast SEO plugin v24.6 - https:\/\/yoast.com\/wordpress\/plugins\/seo\/ -->\n<title>Entreprise de nettoyage All Works Company - All Works Company<\/title>\n<meta name=\"robots\" content=\"noindex, follow, max-snippet:-1, max-image-preview:large, max-video-preview:-1\" \/>\n<meta property=\"og:locale\" content=\"fr_FR\" \/>\n<meta property=\"og:type\" content=\"article\" \/>\n<meta property=\"og:title\" content=\"Entreprise de nettoyage All Works Company - All Works Company\" \/>\n<meta property=\"og:description\" content=\"Les bureaux et les entreprises sont des lieux o\u00f9 l&rsquo;efficacit\u00e9 et l&rsquo;hygi\u00e8ne sur le lieu de travail sont des caract\u00e9ristiques tr\u00e8s importantes. Chez All Works Company, nous sommes une entreprise de nettoyage professionnelle \u00e0 Bruxelles. Vous cherchez quelqu&rsquo;un pour nettoyer vos bureaux ? Aimeriez-vous un environnement bien rang\u00e9 ? Ensuite, il y a une adresse [&hellip;]\" \/>\n<meta property=\"og:url\" content=\"https:\/\/staging.awc.be\/fr\/entreprise-de-nettoyage-all-works-company\/\" \/>\n<meta property=\"og:site_name\" content=\"All Works Company\" \/>\n<meta property=\"article:modified_time\" content=\"2025-05-16T07:26:57+00:00\" \/>\n<meta name=\"twitter:card\" content=\"summary_large_image\" \/>\n<meta name=\"twitter:label1\" content=\"Dur\u00e9e de lecture estim\u00e9e\" \/>\n\t<meta name=\"twitter:data1\" content=\"4 minutes\" \/>\n<script type=\"application\/ld+json\" class=\"yoast-schema-graph\">{\"@context\":\"https:\/\/schema.org\",\"@graph\":[{\"@type\":\"WebPage\",\"@id\":\"https:\/\/staging.awc.be\/fr\/entreprise-de-nettoyage-all-works-company\/\",\"url\":\"https:\/\/staging.awc.be\/fr\/entreprise-de-nettoyage-all-works-company\/\",\"name\":\"Entreprise de nettoyage All Works Company - All Works Company\",\"isPartOf\":{\"@id\":\"https:\/\/staging.awc.be\/fr\/#website\"},\"datePublished\":\"2022-11-06T17:12:05+00:00\",\"dateModified\":\"2025-05-16T07:26:57+00:00\",\"breadcrumb\":{\"@id\":\"https:\/\/staging.awc.be\/fr\/entreprise-de-nettoyage-all-works-company\/#breadcrumb\"},\"inLanguage\":\"fr-FR\",\"potentialAction\":[{\"@type\":\"ReadAction\",\"target\":[\"https:\/\/staging.awc.be\/fr\/entreprise-de-nettoyage-all-works-company\/\"]}]},{\"@type\":\"BreadcrumbList\",\"@id\":\"https:\/\/staging.awc.be\/fr\/entreprise-de-nettoyage-all-works-company\/#breadcrumb\",\"itemListElement\":[{\"@type\":\"ListItem\",\"position\":1,\"name\":\"Home\",\"item\":\"https:\/\/staging.awc.be\/fr\/bienvenue-chez-all-works-company\/\"},{\"@type\":\"ListItem\",\"position\":2,\"name\":\"Entreprise de nettoyage All Works Company\"}]},{\"@type\":\"WebSite\",\"@id\":\"https:\/\/staging.awc.be\/fr\/#website\",\"url\":\"https:\/\/staging.awc.be\/fr\/\",\"name\":\"All Works Company\",\"description\":\"Professioneel schoonmaakbedrijf voor kantoren en gebouwen\",\"publisher\":{\"@id\":\"https:\/\/staging.awc.be\/fr\/#organization\"},\"potentialAction\":[{\"@type\":\"SearchAction\",\"target\":{\"@type\":\"EntryPoint\",\"urlTemplate\":\"https:\/\/staging.awc.be\/fr\/?s={search_term_string}\"},\"query-input\":{\"@type\":\"PropertyValueSpecification\",\"valueRequired\":true,\"valueName\":\"search_term_string\"}}],\"inLanguage\":\"fr-FR\"},{\"@type\":\"Organization\",\"@id\":\"https:\/\/staging.awc.be\/fr\/#organization\",\"name\":\"All Works Company\",\"url\":\"https:\/\/staging.awc.be\/fr\/\",\"logo\":{\"@type\":\"ImageObject\",\"inLanguage\":\"fr-FR\",\"@id\":\"https:\/\/staging.awc.be\/fr\/#\/schema\/logo\/image\/\",\"url\":\"https:\/\/staging.awc.be\/wp-content\/uploads\/2020\/11\/awclogo.png\",\"contentUrl\":\"https:\/\/staging.awc.be\/wp-content\/uploads\/2020\/11\/awclogo.png\",\"width\":101,\"height\":120,\"caption\":\"All Works Company\"},\"image\":{\"@id\":\"https:\/\/staging.awc.be\/fr\/#\/schema\/logo\/image\/\"}}]}<\/script>\n<!-- \/ Yoast SEO plugin. -->","yoast_head_json":{"title":"Entreprise de nettoyage All Works Company - All Works Company","robots":{"index":"noindex","follow":"follow","max-snippet":"max-snippet:-1","max-image-preview":"max-image-preview:large","max-video-preview":"max-video-preview:-1"},"og_locale":"fr_FR","og_type":"article","og_title":"Entreprise de nettoyage All Works Company - All Works Company","og_description":"Les bureaux et les entreprises sont des lieux o\u00f9 l&rsquo;efficacit\u00e9 et l&rsquo;hygi\u00e8ne sur le lieu de travail sont des caract\u00e9ristiques tr\u00e8s importantes. Chez All Works Company, nous sommes une entreprise de nettoyage professionnelle \u00e0 Bruxelles. Vous cherchez quelqu&rsquo;un pour nettoyer vos bureaux ? Aimeriez-vous un environnement bien rang\u00e9 ? Ensuite, il y a une adresse [&hellip;]","og_url":"https:\/\/staging.awc.be\/fr\/entreprise-de-nettoyage-all-works-company\/","og_site_name":"All Works Company","article_modified_time":"2025-05-16T07:26:57+00:00","twitter_card":"summary_large_image","twitter_misc":{"Dur\u00e9e de lecture estim\u00e9e":"4 minutes"},"schema":{"@context":"https:\/\/schema.org","@graph":[{"@type":"WebPage","@id":"https:\/\/staging.awc.be\/fr\/entreprise-de-nettoyage-all-works-company\/","url":"https:\/\/staging.awc.be\/fr\/entreprise-de-nettoyage-all-works-company\/","name":"Entreprise de nettoyage All Works Company - All Works Company","isPartOf":{"@id":"https:\/\/staging.awc.be\/fr\/#website"},"datePublished":"2022-11-06T17:12:05+00:00","dateModified":"2025-05-16T07:26:57+00:00","breadcrumb":{"@id":"https:\/\/staging.awc.be\/fr\/entreprise-de-nettoyage-all-works-company\/#breadcrumb"},"inLanguage":"fr-FR","potentialAction":[{"@type":"ReadAction","target":["https:\/\/staging.awc.be\/fr\/entreprise-de-nettoyage-all-works-company\/"]}]},{"@type":"BreadcrumbList","@id":"https:\/\/staging.awc.be\/fr\/entreprise-de-nettoyage-all-works-company\/#breadcrumb","itemListElement":[{"@type":"ListItem","position":1,"name":"Home","item":"https:\/\/staging.awc.be\/fr\/bienvenue-chez-all-works-company\/"},{"@type":"ListItem","position":2,"name":"Entreprise de nettoyage All Works Company"}]},{"@type":"WebSite","@id":"https:\/\/staging.awc.be\/fr\/#website","url":"https:\/\/staging.awc.be\/fr\/","name":"All Works Company","description":"Professioneel schoonmaakbedrijf voor kantoren en gebouwen","publisher":{"@id":"https:\/\/staging.awc.be\/fr\/#organization"},"potentialAction":[{"@type":"SearchAction","target":{"@type":"EntryPoint","urlTemplate":"https:\/\/staging.awc.be\/fr\/?s={search_term_string}"},"query-input":{"@type":"PropertyValueSpecification","valueRequired":true,"valueName":"search_term_string"}}],"inLanguage":"fr-FR"},{"@type":"Organization","@id":"https:\/\/staging.awc.be\/fr\/#organization","name":"All Works Company","url":"https:\/\/staging.awc.be\/fr\/","logo":{"@type":"ImageObject","inLanguage":"fr-FR","@id":"https:\/\/staging.awc.be\/fr\/#\/schema\/logo\/image\/","url":"https:\/\/staging.awc.be\/wp-content\/uploads\/2020\/11\/awclogo.png","contentUrl":"https:\/\/staging.awc.be\/wp-content\/uploads\/2020\/11\/awclogo.png","width":101,"height":120,"caption":"All Works Company"},"image":{"@id":"https:\/\/staging.awc.be\/fr\/#\/schema\/logo\/image\/"}}]}},"_links":{"self":[{"href":"https:\/\/staging.awc.be\/fr\/wp-json\/wp\/v2\/pages\/441","targetHints":{"allow":["GET"]}}],"collection":[{"href":"https:\/\/staging.awc.be\/fr\/wp-json\/wp\/v2\/pages"}],"about":[{"href":"https:\/\/staging.awc.be\/fr\/wp-json\/wp\/v2\/types\/page"}],"author":[{"embeddable":true,"href":"https:\/\/staging.awc.be\/fr\/wp-json\/wp\/v2\/users\/3"}],"replies":[{"embeddable":true,"href":"https:\/\/staging.awc.be\/fr\/wp-json\/wp\/v2\/comments?post=441"}],"version-history":[{"count":1,"href":"https:\/\/staging.awc.be\/fr\/wp-json\/wp\/v2\/pages\/441\/revisions"}],"predecessor-version":[{"id":442,"href":"https:\/\/staging.awc.be\/fr\/wp-json\/wp\/v2\/pages\/441\/revisions\/442"}],"wp:attachment":[{"href":"https:\/\/staging.awc.be\/fr\/wp-json\/wp\/v2\/media?parent=441"}],"curies":[{"name":"wp","href":"https:\/\/api.w.org\/{rel}","templated":true}]}}